{"id":2,"date":"2013-12-20T17:03:21","date_gmt":"2013-12-20T17:03:21","guid":{"rendered":"http:\/\/www.casabp.com\/?page_id=2"},"modified":"2014-05-07T18:30:32","modified_gmt":"2014-05-07T18:30:32","slug":"sample-page","status":"publish","type":"page","link":"https:\/\/casabp.jvserver.net\/","title":{"rendered":"Casa \u00e0 venda em Bragan\u00e7a Paulista"},"content":{"rendered":"<h1><\/h1>\n<h4><span style=\"line-height: 1.5em;\"><br \/>\nNum dos melhores condom\u00ednios da Regi\u00e3o Bragantina, que oferece:<\/span><\/h4>\n<ul>\n<li>portaria com sistema de seguran\u00e7a e rondas motorizadas;<\/li>\n<li>10 quadras de t\u00eanis;<\/li>\n<li>2 campos de futebol;<\/li>\n<li>4 quadras poli-esportivas descobertas;<\/li>\n<li>2 pared\u00f5es para treino de t\u00eanis;<\/li>\n<li>4 lagos;<\/li>\n<li>gin\u00e1sio com quadra poli-esportiva coberta;<\/li>\n<li>centro de lazer com sala de gin\u00e1stica, academia e muscula\u00e7\u00e3o, sauna a vapor, parque infantil, quiosque com churrasqueira e cozinha de apoio, capela.<\/li>\n<\/ul>\n<p>&nbsp;<\/p>\n<h4>Casa de alto padr\u00e3o, localizada em excelente \u00e1rea do condom\u00ednio, com f\u00e1cil acesso e privacidade.<\/h4>\n<p>&nbsp;<\/p>\n<h4>Ampla resid\u00eancia com 4 su\u00edtes e 3 dormit\u00f3rios sendo:<\/h4>\n<ul>\n<li>1 su\u00edte master com hidro e closet,<\/li>\n<li>2 su\u00edtes americanas com hidro,<\/li>\n<li>1 su\u00edte ampla,<\/li>\n<li>amplo hall de distribui\u00e7\u00e3o dos dormit\u00f3rios,<\/li>\n<li>sala para 2 ou 3 ambientes com lareira,<\/li>\n<li>sala de TV,<\/li>\n<li>sala de jantar,<\/li>\n<li>lavabo,<\/li>\n<li>cozinha,<\/li>\n<li>ampla lavanderia,<\/li>\n<li>quarto e banheiro de servi\u00e7o,<\/li>\n<li>2 dormit\u00f3rio externo,<\/li>\n<li>banheiro externo,<\/li>\n<\/ul>\n<p>&nbsp;<\/p>\n<h4>\u00c1rea de lazer interligada \u00e0 casa e dormit\u00f3rios externos,<\/h4>\n<ul>\n<li>piscina em alvenaria,<\/li>\n<li>ducha,<\/li>\n<li>academia \/ sal\u00e3o de festas,<\/li>\n<li>churrasqueira,<\/li>\n<li>forno de pizza \u00e0 lenha,<\/li>\n<li>lavabo da churrasqueira,<\/li>\n<\/ul>\n<h4><span style=\"line-height: 1.5em;\"><br \/>\nGaragem coberta para 4 autos e descoberta para v\u00e1rios.<\/span><\/h4>\n<ul>\n<li>entrada social com interfone,<\/li>\n<li>entrada de ve\u00edculos com port\u00e3o autom\u00e1tico<\/li>\n<li>amplo jardim,<\/li>\n<li>amplo quintal gramado,<\/li>\n<li>pomar<\/li>\n<\/ul>\n<p>&nbsp;<\/p>\n<p><strong>\u00c1rea total: 2.500 m2.<br \/>\n<\/strong><strong>\u00c1rea constru\u00edda: 599 m\u00b2.<br \/>\nCondom\u00ednio: R$ 410,00<\/strong><\/p>\n<p><strong>\u00a0<\/strong><\/p>\n<p>&nbsp;<\/p>\n<p><span id=\"localizacao\"><\/span><\/p>\n<div class=\"divider\"><div class=\"scroll-top\"><\/div><\/div>\n<h2><strong>Localiza\u00e7\u00e3o \/\u00a0Mapa: <\/strong><\/h2>\n<p>Bragan\u00e7a Paulista est\u00e1 a 79 Km de S\u00e3o Paulo pela Rodovia Fern\u00e3o Dias, pr\u00f3xima das est\u00e2ncias clim\u00e1ticas e hidrominerais de Atibaia, Serra Negra, Socorro, Lindoia e \u00c1guas de Lindoia.<\/p>\n<p><strong>(click na imagem para abrir no Google Maps)<\/strong><\/p>\n<p><a title=\"Google Maps\" href=\"https:\/\/maps.google.com.br\/maps?q=-22.881997,-46.534184&amp;z=18&amp;t=h\" target=\"_blank\"><img loading=\"lazy\" decoding=\"async\" class=\"alignnone size-full wp-image-113\" alt=\"mapa\" src=\"http:\/\/www.casabp.com\/wp-content\/uploads\/2013\/12\/mapa.jpg\" width=\"1024\" height=\"596\" srcset=\"https:\/\/casabp.jvserver.net\/wp-content\/uploads\/2013\/12\/mapa.jpg 1024w, https:\/\/casabp.jvserver.net\/wp-content\/uploads\/2013\/12\/mapa-300x174.jpg 300w\" sizes=\"(max-width: 1024px) 100vw, 1024px\" \/><\/a><\/p>\n","protected":false},"excerpt":{"rendered":"<p>Num dos melhores condom\u00ednios da Regi\u00e3o Bragantina, que oferece: portaria com sistema de seguran\u00e7a e rondas motorizadas; 10 quadras de t\u00eanis; 2 campos de futebol; 4 quadras poli-esportivas descobertas; 2 pared\u00f5es para treino de t\u00eanis; 4 lagos; gin\u00e1sio com quadra poli-esportiva coberta; centro de lazer com sala de gin\u00e1stica, academia e muscula\u00e7\u00e3o, sauna a vapor, parque infantil, quiosque com churrasqueira e cozinha de apoio, capela. &nbsp; Casa de alto padr\u00e3o, localizada em excelente \u00e1rea do condom\u00ednio, com f\u00e1cil acesso e privacidade. &nbsp; Ampla resid\u00eancia com 4 su\u00edtes e 3 dormit\u00f3rios sendo: 1 su\u00edte master com hidro e closet, 2 su\u00edtes americanas com hidro, 1 su\u00edte ampla, amplo hall de distribui\u00e7\u00e3o dos dormit\u00f3rios, sala para 2 ou 3 ambientes com lareira, sala de TV, sala de jantar, lavabo, cozinha, ampla lavanderia, quarto e banheiro de servi\u00e7o, 2 dormit\u00f3rio externo, banheiro externo, &nbsp; \u00c1rea de lazer interligada \u00e0 casa e dormit\u00f3rios externos, piscina em alvenaria, ducha, academia \/ sal\u00e3o de festas, churrasqueira, forno de pizza \u00e0 lenha, lavabo da churrasqueira, Garagem coberta para 4 autos e descoberta para v\u00e1rios. entrada social com interfone, entrada de ve\u00edculos com port\u00e3o autom\u00e1tico amplo jardim, amplo quintal gramado, pomar &nbsp; \u00c1rea total: 2.500 m2. \u00c1rea constru\u00edda: 599 m\u00b2. Condom\u00ednio: R$ 410,00 \u00a0 &nbsp; Localiza\u00e7\u00e3o \/\u00a0Mapa: Bragan\u00e7a Paulista est\u00e1 a 79 Km de S\u00e3o Paulo pela Rodovia Fern\u00e3o Dias, pr\u00f3xima das est\u00e2ncias clim\u00e1ticas e hidrominerais de Atibaia, Serra Negra, Socorro, Lindoia e \u00c1guas de Lindoia. (click na imagem para abrir no Google Maps)<\/p>\n","protected":false},"author":1,"featured_media":0,"parent":0,"menu_order":0,"comment_status":"open","ping_status":"open","template":"","meta":{"footnotes":""},"_links":{"self":[{"href":"https:\/\/casabp.jvserver.net\/index.php?rest_route=\/wp\/v2\/pages\/2"}],"collection":[{"href":"https:\/\/casabp.jvserver.net\/index.php?rest_route=\/wp\/v2\/pages"}],"about":[{"href":"https:\/\/casabp.jvserver.net\/index.php?rest_route=\/wp\/v2\/types\/page"}],"author":[{"embeddable":true,"href":"https:\/\/casabp.jvserver.net\/index.php?rest_route=\/wp\/v2\/users\/1"}],"replies":[{"embeddable":true,"href":"https:\/\/casabp.jvserver.net\/index.php?rest_route=%2Fwp%2Fv2%2Fcomments&post=2"}],"version-history":[{"count":43,"href":"https:\/\/casabp.jvserver.net\/index.php?rest_route=\/wp\/v2\/pages\/2\/revisions"}],"predecessor-version":[{"id":172,"href":"https:\/\/casabp.jvserver.net\/index.php?rest_route=\/wp\/v2\/pages\/2\/revisions\/172"}],"wp:attachment":[{"href":"https:\/\/casabp.jvserver.net\/index.php?rest_route=%2Fwp%2Fv2%2Fmedia&parent=2"}],"curies":[{"name":"wp","href":"https:\/\/api.w.org\/{rel}","templated":true}]}}